{"id":2215,"date":"2025-06-09T11:44:19","date_gmt":"2025-06-09T09:44:19","guid":{"rendered":"https:\/\/implementi.ai\/?post_type=product&#038;p=2215"},"modified":"2025-09-08T11:35:00","modified_gmt":"2025-09-08T09:35:00","slug":"kate-doradca-klienta-ds-rozwiazan-ksiegowych","status":"publish","type":"product","link":"https:\/\/implementi.ai\/pl\/product\/kate-client-advisor-for-accounting-solutions\/","title":{"rendered":"Kate - doradca klienta ds. sukcesu"},"content":{"rendered":"<p data-start=\"147\" data-end=\"439\">Przyspiesz procesy ksi\u0119gowe, zredukuj liczb\u0119 powtarzaj\u0105cych si\u0119 pyta\u0144 i zapewnij wsparcie 24\/7 - bez dodatkowego wysi\u0142ku.<br \/>\nDzi\u0119ki Kate - AI Assistant for Accounting Professionals, ka\u017cde zapytanie od Twojego zespo\u0142u lub klient\u00f3w otrzyma natychmiastow\u0105 odpowied\u017a na poziomie eksperckim.<\/p>\n<p data-start=\"441\" data-end=\"730\">Niezale\u017cnie od tego, czy potrzebujesz pomocy w zakresie fakturowania, termin\u00f3w podatkowych, narz\u0119dzi do automatyzacji czy wdra\u017cania nowych klient\u00f3w, Kate jest tutaj, aby Ci\u0119 poprowadzi\u0107.  Natychmiast odpowiada na pytania, poleca najlepsze produkty do automatyzacji od Implementi i zapewnia p\u0142ynny i wydajny przebieg proces\u00f3w.<\/p>\n<p data-start=\"732\" data-end=\"990\">Kate jest zasilana najnowsz\u0105 technologi\u0105 AI i przeszkolona w zakresie danych ksi\u0119gowych, wi\u0119c m\u00f3wi w Twoim j\u0119zyku - od kod\u00f3w VAT po archiwizacj\u0119 dokument\u00f3w. Dost\u0119pna 24 godziny na dob\u0119, 7 dni w tygodniu na Twojej stronie internetowej, jest zawsze gotowa wspiera\u0107 Tw\u00f3j zesp\u00f3\u0142 lub pomaga\u0107 Twoim klientom.<\/p>\n<p><strong>Co robi:<\/strong><\/p>\n<ul>\n<li>Dostarcza w czasie rzeczywistym odpowiedzi na pytania zwi\u0105zane z ksi\u0119gowo\u015bci\u0105<\/li>\n<li>Rozumie kody VAT, fakturowanie, archiwizacj\u0119 i terminy.<\/li>\n<li>Rekomenduje narz\u0119dzia automatyzacji dostosowane do potrzeb biur rachunkowych<\/li>\n<li>Prowadzi wdra\u017canie nowych klient\u00f3w lub pracownik\u00f3w krok po kroku<\/li>\n<\/ul>\n<p><strong>Idealny dla:<\/strong><\/p>\n<ul>\n<li>Biura rachunkowe obs\u0142uguj\u0105ce wielu klient\u00f3w<\/li>\n<li>Zespo\u0142y finansowe potrzebuj\u0105ce sp\u00f3jnych wytycznych dotycz\u0105cych proces\u00f3w<\/li>\n<li>Firmy regularnie wdra\u017caj\u0105 nowych pracownik\u00f3w lub klient\u00f3w<\/li>\n<li>Profesjonali\u015bci chc\u0105cy poprawi\u0107 jako\u015b\u0107 us\u0142ug bez zwi\u0119kszania obci\u0105\u017cenia prac\u0105<\/li>\n<\/ul>\n<p><strong>Dlaczego narz\u0119dzia Implementi AI?<\/strong><br \/>\nZamiast r\u0119cznie zarz\u0105dza\u0107 ka\u017cdym pytaniem klienta i zespo\u0142u, otrzymujesz gotowego do u\u017cycia asystenta AI, kt\u00f3ry pracuje niestrudzenie i m\u00f3wi Twoim profesjonalnym j\u0119zykiem.<\/p>\n<p><strong>Gotowe i \u0142atwe do uruchomienia<\/strong><br \/>\nWystarczy pod\u0142\u0105czy\u0107 Kate do swojej strony internetowej, aby by\u0142a gotowa do natychmiastowego wsparcia Twojego biura.<\/p>\n<p><strong>Ceny typu \"wszystko w jednym<\/strong><br \/>\nObejmuje kredyty AI, tokeny automatyzacji i integracje. Dodaj pakiet startowy przy kasie, a Tw\u00f3j asystent AI b\u0119dzie dost\u0119pny od pierwszego dnia.<\/p>\n<div style=\"text-align: center; margin: 20px 0;\">\n<form class=\"cart\" style=\"display: inline-block; margin: 0 auto;\" action=\"https:\/\/calendly.com\/d\/cv3s-28d-54k\/30-minutowe-spotkanie\" enctype=\"multipart\/form-data\" method=\"post\" target=\"_blank\"><button class=\"single_add_to_cart_button button alt\" style=\"padding: 10px 20px; background-color: #ff554c !important; color: white; border: none; border-radius: 5px; font-weight: bold; cursor: pointer; width: 100%; max-width: 400px;\">Jakie\u015b pytania? Porozmawiajmy<br \/>\n<\/button><\/form>\n<\/div>","protected":false},"excerpt":{"rendered":"<p>Przyspiesz procesy ksi\u0119gowe, zredukuj liczb\u0119 powtarzaj\u0105cych si\u0119 pyta\u0144 i zapewnij wsparcie 24\/7 - bez dodatkowego wysi\u0142ku.<br \/>\nDzi\u0119ki Kate - AI Assistant for Accounting Professionals, ka\u017cde zapytanie od Twojego zespo\u0142u lub klient\u00f3w otrzyma natychmiastow\u0105 odpowied\u017a na poziomie eksperckim.<\/p>","protected":false},"featured_media":1960,"comment_status":"closed","ping_status":"closed","template":"","meta":[],"product_brand":[],"product_cat":[33],"product_tag":[],"class_list":{"0":"post-2215","1":"product","2":"type-product","3":"status-publish","4":"has-post-thumbnail","6":"product_cat-accounting-solutions","8":"first","9":"instock","10":"virtual","11":"taxable","12":"purchasable","13":"product-type-simple"},"ams_default_variation_id":0,"ams_product_points_reward":[],"ams_product_discount_percentage":0,"ams_price_to_display":199,"ams_acf":[],"jetpack_sharing_enabled":true,"_links":{"self":[{"href":"https:\/\/implementi.ai\/pl\/wp-json\/wp\/v2\/product\/2215","targetHints":{"allow":["GET"]}}],"collection":[{"href":"https:\/\/implementi.ai\/pl\/wp-json\/wp\/v2\/product"}],"about":[{"href":"https:\/\/implementi.ai\/pl\/wp-json\/wp\/v2\/types\/product"}],"replies":[{"embeddable":true,"href":"https:\/\/implementi.ai\/pl\/wp-json\/wp\/v2\/comments?post=2215"}],"wp:featuredmedia":[{"embeddable":true,"href":"https:\/\/implementi.ai\/pl\/wp-json\/wp\/v2\/media\/1960"}],"wp:attachment":[{"href":"https:\/\/implementi.ai\/pl\/wp-json\/wp\/v2\/media?parent=2215"}],"wp:term":[{"taxonomy":"product_brand","embeddable":true,"href":"https:\/\/implementi.ai\/pl\/wp-json\/wp\/v2\/product_brand?post=2215"},{"taxonomy":"product_cat","embeddable":true,"href":"https:\/\/implementi.ai\/pl\/wp-json\/wp\/v2\/product_cat?post=2215"},{"taxonomy":"product_tag","embeddable":true,"href":"https:\/\/implementi.ai\/pl\/wp-json\/wp\/v2\/product_tag?post=2215"}],"curies":[{"name":"wp","href":"https:\/\/api.w.org\/{rel}","templated":true}]}}